{"id":5947,"date":"2015-08-12T09:58:26","date_gmt":"2015-08-12T09:58:26","guid":{"rendered":"http:\/\/aldeaconsulting.ro\/web\/?page_id=5947"},"modified":"2015-09-09T16:26:12","modified_gmt":"2015-09-09T16:26:12","slug":"inspiratie","status":"publish","type":"page","link":"https:\/\/aldeaconsulting.ro\/index.php\/inspiratie\/","title":{"rendered":"Inspiratie"},"content":{"rendered":"<p><a href=\"http:\/\/aldeaconsulting.ro\/wp-content\/uploads\/2015\/08\/inspiratie.jpg\"><img loading=\"lazy\" class=\"alignleft size-medium wp-image-6163\" src=\"http:\/\/aldeaconsulting.ro\/wp-content\/uploads\/2015\/08\/inspiratie-300x225.jpg\" alt=\"inspiratie\" width=\"300\" height=\"225\" srcset=\"https:\/\/aldeaconsulting.ro\/wp-content\/uploads\/2015\/08\/inspiratie-300x225.jpg 300w, https:\/\/aldeaconsulting.ro\/wp-content\/uploads\/2015\/08\/inspiratie.jpg 600w\" sizes=\"(max-width: 300px) 100vw, 300px\" \/><\/a>\u00cen ultima perioada am fost \u00eentrebat\u0103 de mai multe ori de unde mi-am cules \u0219i \u00eemi culeg inspira\u021bia \u0219i ce m-a ajutat de-a lungul timpului s\u0103 realizez ceea ce am realizat \u00een carier\u0103.<\/p>\n<p>A\u0219a c\u0103 m-am g\u00e2ndit s\u0103 creez acest spa\u021biu, unde pute\u021bi veni ca s\u0103 g\u0103si\u021bi r\u0103spunsuri sau doar ca s\u0103 v\u0103 inspira\u021bi la r\u00e2ndul vostru \u00eentr-o pauz\u0103 dintre dou\u0103 rapoarte \u2013 fie c\u0103 este vorba despre ce citesc, concepte de magazine \u0219i produse inovatoare, persoane care au avut un impact, sub o form\u0103 sau alta, asupra modului \u00een care v\u0103d eu lumea retailului sau evenimente la care orice profesionist din industrie ar trebui s\u0103 mearg\u0103 cel pu\u021bin o dat\u0103 \u00een via\u021ba lui. Momentele de respiro sunt absolut necesare pentru a v\u0103 stimula creativitatea \u0219i a evada din rutin\u0103.<\/p>\n<p>Astfel de informa\u021bii, \u00eempreun\u0103 cu ideile voastre, pot da na\u0219tere unor noi concepte \u0219i produse pentru pia\u021ba local\u0103 \u0219i pentru consumatorul rom\u00e2n. \u0218i pentru c\u0103 sunt convins\u0103 ca fiecare dintre voi are propriile surse, primesc cu bucurie orice sugestie de la voi despre cum am putea completa aceast\u0103 list\u0103 care este departe de a fi exhaustiv\u0103. So, read, enjoy and share :))<\/p>\n<br \/>\n<br \/>\n<br \/>\n<h3>CONCEPTE DE RETAIL &amp; MORE<\/h3>\n<h3>CLASICAL RETAIL FORMATS<\/h3>\n<table   border=\"0\">\n<tr>\n<td>\n<div class=\"wrappery\">\n<img src=\"http:\/\/aldeaconsulting.ro\/store\/wfm_store.jpg\"  \/><\/p>\n<div class=\"description\">\n<p class=\"sursa\"><span>Wholefoods<\/span><\/p>\n<\/div>\n<\/div>\n<\/td>\n<td>\n<div class=\"wrappery\">\n<img src=\"http:\/\/aldeaconsulting.ro\/store\/little-Waitrose-JL-Watford.jpg\"  \/><\/p>\n<div class=\"description\">\n<p class=\"sursa\"><span>Waitrose<\/span><\/p>\n<\/div>\n<\/div>\n<\/td>\n<td>\n<div class=\"wrappery\">\n<img src=\"http:\/\/aldeaconsulting.ro\/store\/304.jpg\" alt=\"\"  \/><\/p>\n<div class=\"description\">\n<p class=\"sursa\"><span>Marks&amp;Spencer<\/span><\/p>\n<\/div>\n<\/div>\n<\/td>\n<\/tr>\n<tr>\n<td>\n<div class=\"wrappery\">\n<img src=\"http:\/\/aldeaconsulting.ro\/store\/fl-trader-joes-lede-jpg-20140903.jpg\"  \/><\/p>\n<div class=\"description\">\n<p class=\"sursa\"><span>Trader Joe\u2019s<\/span><\/p>\n<\/div>\n<\/div>\n<\/td>\n<td>\n<div class=\"wrappery\">\n<img src=\"http:\/\/aldeaconsulting.ro\/store\/hannaford.jpg\"   \/><\/p>\n<div class=\"description\">\n<p class=\"sursa\"><span>Hannaford<\/span><\/p>\n<\/div>\n<\/div>\n<\/td>\n<td>\n<div class=\"wrappery\">\n<img src=\"http:\/\/aldeaconsulting.ro\/store\/Tesco-Extra-5.jpg\"  \/><\/p>\n<div class=\"description\">\n<p class=\"sursa\"><span>Tesco Watford<\/span><\/p>\n<\/div>\n<\/div>\n<\/td>\n<\/tr>\n<tr>\n<td>\n<div class=\"wrappery\">\n<img src=\"http:\/\/aldeaconsulting.ro\/store\/Edeka_Horst_O_G_01.jpg\"  \/><\/p>\n<div class=\"description\">\n<p class=\"sursa\"><span>Edeka<\/span><\/p>\n<\/div>\n<\/div>\n<\/td>\n<td>&nbsp;<\/td>\n<td>&nbsp;<\/td>\n<\/tr>\n<\/table>\n<h3>CONCEPT\/GOURMET STORES<\/h3>\n<table border=\"0\">\n<tr>\n<td>\n<div class=\"wrappery\">\n<img src=\"http:\/\/aldeaconsulting.ro\/store\/grand2.jpg\"  \/><\/p>\n<div class=\"description\">\n<p class=\"sursa\"><span>La Grande Epicerie<\/span><\/p>\n<\/div>\n<\/div>\n<\/td>\n<td>\n<div class=\"wrappery\">\n<img src=\"http:\/\/aldeaconsulting.ro\/store\/lafayette-gourmet.jpg\"  \/><\/p>\n<div class=\"description\">\n<p class=\"sursa\"><span>LaFayette Gourmete<\/span><\/p>\n<\/div>\n<\/div>\n<\/td>\n<td>\n<div class=\"wrappery\">\n<img src=\"http:\/\/aldeaconsulting.ro\/store\/hediard.jpg\" alt=\"\"  \/><\/p>\n<div class=\"description\">\n<p class=\"sursa\"><span>Hediard<\/span><\/p>\n<\/div>\n<\/div>\n<\/td>\n<\/tr>\n<tr>\n<td>\n<div class=\"wrappery\">\n<img src=\"http:\/\/aldeaconsulting.ro\/store\/barry.jpg\"  \/><\/p>\n<div class=\"description\">\n<p class=\"sursa\"><span>Comtesse du Barry<\/span><\/p>\n<\/div>\n<\/div>\n<\/td>\n<td>\n<div class=\"wrappery\">\n<img src=\"http:\/\/aldeaconsulting.ro\/store\/fauchon.jpg\"   \/><\/p>\n<div class=\"description\">\n<p class=\"sursa\"><span>Fauchon<\/span><\/p>\n<\/div>\n<\/div>\n<\/td>\n<td>\n<div class=\"wrappery\">\n<img src=\"http:\/\/aldeaconsulting.ro\/store\/La-Cure.jpg\"  \/><\/p>\n<div class=\"description\">\n<p class=\"sursa\"><span>La Cure Gourmande<\/span><\/p>\n<\/div>\n<\/div>\n<\/td>\n<\/tr>\n<\/table>\n<h3>SHOP(IN\u2019) RESTAURANTS<\/h3>\n<table   border=\"0\">\n<tr>\n<td>\n<div class=\"wrappery\">\n<img src=\"http:\/\/aldeaconsulting.ro\/store\/fratellini-interior.jpg\"  \/><\/p>\n<div class=\"description\">\n<p class=\"sursa\"><span>Fratellini<\/span><\/p>\n<\/div>\n<\/div>\n<\/td>\n<td>\n<div class=\"wrappery\">\n<img src=\"http:\/\/aldeaconsulting.ro\/store\/vacamuuu.jpg\"  \/><\/p>\n<div class=\"description\">\n<p class=\"sursa\"><span>Vacamuuu<\/span><\/p>\n<\/div>\n<\/div>\n<\/td>\n<td>\n<div class=\"wrappery\">\n<img src=\"http:\/\/aldeaconsulting.ro\/store\/joseph.jpg\"  \/><\/p>\n<div class=\"description\">\n<p class=\"sursa\"><span>Joseph by Joseph Haddad<\/span><\/p>\n<\/div>\n<\/div>\n<\/td>\n<\/tr>\n<tr>\n<td>\n<div class=\"wrappery\">\n<img src=\"http:\/\/aldeaconsulting.ro\/store\/dolce.jpg\"  \/><\/p>\n<div class=\"description\">\n<p class=\"sursa\"><span>Sale Dolce<\/span><\/p>\n<\/div>\n<\/div>\n<\/td>\n<td>\n<div class=\"wrappery\">\n<img src=\"http:\/\/aldeaconsulting.ro\/store\/Tudor-Constantinescu-Chocolate.jpg\"  \/><\/p>\n<div class=\"description\">\n<p class=\"sursa\"><span>Chocolat<\/span><\/p>\n<\/div>\n<\/div>\n<\/td>\n<td>&nbsp;<\/td>\n<\/tr>\n<\/table>\n<h3>QSR<\/h3>\n<table  border=\"0\">\n<tr>\n<td>\n<div class=\"wrappery\">\n<img src=\"http:\/\/aldeaconsulting.ro\/store\/fagerhult_pret_a_manger_1.jpg\"  \/><\/p>\n<div class=\"description\">\n<p class=\"sursa\"><span>Pret a Manger<\/span><\/p>\n<\/div>\n<\/div>\n<\/td>\n<td>\n<div class=\"wrappery\">\n<img src=\"http:\/\/aldeaconsulting.ro\/store\/paul_oxford.jpg\"  \/><\/p>\n<div class=\"description\">\n<p class=\"sursa\"><span>Paul<\/span><\/p>\n<\/div>\n<\/div>\n<\/td>\n<td>&nbsp;<\/td>\n<\/tr>\n<\/table>\n<p> <br\/><\/p>\n<h3>OAMENI<\/h3>\n<p>Sabin Gilceava\nTop Negotiator<\/p>\n<p>Josephine Green\nInnovation Master<\/p>\n<p>Jean-Jacques Vandenheede\nRetail Visionary<\/p>\n<p>Kjell Anders Nordstr\u00f6m\nEconomist &amp; Funky Writer<\/p>\n<p>Robin Sharma\nLeadership Expert<\/p>\n<p>Toby Desforges\nShopper Marketing Expert<\/p>\n<br \/>\n<h3>EVENIMENTE<\/h3>\n<p>Future Leaders Congress<\/p>\n<p>World Retail Congress<\/p>\n<p>Private Label Trade Show (PLMA)<\/p>\n<p>Sial Paris<\/p>\n<p>Anuga Koln<\/p>\n<p>Conferin\u021ba Progresiv, Sinaia<\/p>\n<p>Club Cheile Gr\u0103di\u0219tei<\/p>\n<p>Robin Sharma la Bucure\u0219ti<\/p>\n","protected":false},"excerpt":{"rendered":"<p>\u00cen ultima perioada am fost \u00eentrebat\u0103 de mai multe ori de unde mi-am cules \u0219i \u00eemi culeg inspira\u021bia \u0219i ce m-a ajutat de-a lungul timpului s\u0103 realizez ceea ce am realizat \u00een carier\u0103. A\u0219a c\u0103 m-am g\u00e2ndit s\u0103 creez acest spa\u021biu, unde pute\u021bi veni ca s\u0103 g\u0103si\u021bi r\u0103spunsuri sau doar ca s\u0103 v\u0103 inspira\u021bi la&#8230;<\/p>\n","protected":false},"author":1,"featured_media":0,"parent":0,"menu_order":3,"comment_status":"closed","ping_status":"closed","template":"","meta":[],"_links":{"self":[{"href":"https:\/\/aldeaconsulting.ro\/index.php\/wp-json\/wp\/v2\/pages\/5947"}],"collection":[{"href":"https:\/\/aldeaconsulting.ro\/index.php\/wp-json\/wp\/v2\/pages"}],"about":[{"href":"https:\/\/aldeaconsulting.ro\/index.php\/wp-json\/wp\/v2\/types\/page"}],"author":[{"embeddable":true,"href":"https:\/\/aldeaconsulting.ro\/index.php\/wp-json\/wp\/v2\/users\/1"}],"replies":[{"embeddable":true,"href":"https:\/\/aldeaconsulting.ro\/index.php\/wp-json\/wp\/v2\/comments?post=5947"}],"version-history":[{"count":0,"href":"https:\/\/aldeaconsulting.ro\/index.php\/wp-json\/wp\/v2\/pages\/5947\/revisions"}],"wp:attachment":[{"href":"https:\/\/aldeaconsulting.ro\/index.php\/wp-json\/wp\/v2\/media?parent=5947"}],"curies":[{"name":"wp","href":"https:\/\/api.w.org\/{rel}","templated":true}]}}