{"id":5949,"date":"2015-08-12T09:58:48","date_gmt":"2015-08-12T09:58:48","guid":{"rendered":"http:\/\/aldeaconsulting.ro\/web\/?page_id=5949"},"modified":"2017-03-20T18:54:38","modified_gmt":"2017-03-20T18:54:38","slug":"presa","status":"publish","type":"page","link":"https:\/\/aldeaconsulting.ro\/index.php\/presa\/","title":{"rendered":"Presa"},"content":{"rendered":"<div class=\"presax\">\n<div class=\"wrapperx\"><img src=\"http:\/\/www.aldeaconsulting.ro\/img\/ws2017.jpg\" alt=\"Catalina Aldea, consultant in retail\" \/><\/p>\n<div class=\"description\">\n<p class=\"sursa\"><span>Wall street<\/span><\/p>\n<p class=\"description_content\">Catalina Aldea, consultant in retail<\/p>\n<p><a class=\"cmsms_link\" href=\"http:\/\/www.wall-street.ro\/articol\/Companii\/207931\/catalina-aldea-consultant-in-retail-imi-doresc-sa-nu-pierdem-comertul-traditional.html\"> <img src=\"http:\/\/www.aldeaconsulting.ro\/img\/lupa.png\" alt=\"\" \/><\/a><\/p>\n<\/div>\n<\/div>\n<div class=\"wrapperx\"><img src=\"http:\/\/www.aldeaconsulting.ro\/img\/sarbatorialdea.jpg\" alt=\"Gestionarea corect\u0103 a momentului de consum numit Cr\u0103ciun\" \/><\/p>\n<div class=\"description\">\n<p class=\"sursa\"><span>PROGRESIV<\/span><\/p>\n<p class=\"description_content\">Gestionarea corect\u0103 a momentului de consum numit Cr\u0103ciun<\/p>\n<p><a class=\"cmsms_link\" href=\"http:\/\/www.magazinulprogresiv.ro\/articole\/gestionarea-corecta-momentului-de-consum-numit-craciun\"><img src=\"http:\/\/www.aldeaconsulting.ro\/img\/lupa.png\" alt=\"\" \/><\/a><\/p>\n<\/div>\n<\/div>\n<div class=\"wrapperx\"><img src=\"http:\/\/www.aldeaconsulting.ro\/img\/piata.jpg\" alt=\"catalina aldea mercantizare\" \/><\/p>\n<div class=\"description\">\n<p class=\"sursa\"><span>REVISTA PIATA<\/span><\/p>\n<p class=\"description_content\">Rom\u00e2nii fac cump\u0103r\u0103turi l\u00e2ng\u0103 cas\u0103<\/p>\n<p><a class=\"cmsms_link\" href=\"http:\/\/www.revista-piata.ro\/index.php?c=newslist&#038;m=detaliu&#038;id=11696\"><img src=\"http:\/\/www.aldeaconsulting.ro\/img\/lupa.png\" alt=\"\" \/><\/a><\/p>\n<\/div>\n<\/div>\n<div class=\"wrapperx\"><img src=\"http:\/\/www.aldeaconsulting.ro\/img\/mercantizare.jpg\" alt=\"catalina aldea mercantizare\" \/><\/p>\n<div class=\"description\">\n<p class=\"sursa\"><span>Progresiv<\/span><\/p>\n<p class=\"description_content\">Introducere \u00een merchandising<\/p>\n<p><a class=\"cmsms_link\" href=\"http:\/\/www.aldeaconsulting.ro\/Mercantizare.pdf\"><img src=\"http:\/\/www.aldeaconsulting.ro\/img\/lupa.png\" alt=\"\" \/><\/a><\/p>\n<\/div>\n<\/div>\n<div class=\"wrapperx\"><img src=\"http:\/\/www.aldeaconsulting.ro\/img\/catalinadigi.jpg\" alt=\"catalina aldea digi24\" \/><\/p>\n<div class=\"description\">\n<p class=\"sursa\"><span>DIGI24<\/span><\/p>\n<p class=\"description_content\">Rom\u00e2nii fac cump\u0103r\u0103turi l\u00e2ng\u0103 cas\u0103<\/p>\n<p><a class=\"cmsms_link\" href=\"http:\/\/www.digi24.ro\/Stiri\/Digi24\/Actualitate\/Stiri\/Romanii+fac+cumparaturi+langa+casa\"><img src=\"http:\/\/www.aldeaconsulting.ro\/img\/lupa.png\" alt=\"\" \/><\/a>\n<\/div>\n<\/div>\n<div class=\"wrapperx\"><img src=\"http:\/\/www.aldeaconsulting.ro\/img\/dap.jpg\" alt=\"\" \/><\/p>\n<div class=\"description\">\n<p class=\"sursa\"><span>DA PREMIUM<\/span><\/p>\n<p class=\"description_content\">Mancare de dragul BUSINESSULUI<\/p>\n<p><a class=\"cmsms_link\" href=\"http:\/\/aldeaconsulting.ro\/interviu2.html\"><img src=\"http:\/\/www.aldeaconsulting.ro\/img\/lupa.png\" alt=\"\" \/><\/a>\n<\/div>\n<\/div>\n<div class=\"wrapperx\"><img src=\"http:\/\/www.aldeaconsulting.ro\/img\/antena1.jpg\" alt=\"\" \/><\/p>\n<div class=\"description\">\n<p class=\"sursa\"><span>Antena 1<\/span><\/p>\n<p class=\"description_content\">Romanii, campionii cumparaturilor<\/p>\n<p><a class=\"cmsms_link\" href=\"http:\/\/observator.tv\/social\/suntem-campioni-europeni-la-cumparaturi-in-hipermarket-159494.html\"><img src=\"http:\/\/www.aldeaconsulting.ro\/img\/lupa.png\" alt=\"\" \/><\/a><\/p>\n<\/div>\n<\/div>\n<div class=\"wrapperx\"><img src=\"http:\/\/www.aldeaconsulting.ro\/img\/p3.jpg\" alt=\"\" \/><\/p>\n<div class=\"description\">\n<p class=\"sursa\"><span>Ziarul Financiar<\/span><\/p>\n<p class=\"description_content\">\u0162ara hipermarketurilor: o treime din banii rom\u00e2nilor pentru cump\u0103r\u0103turile de zi cu zi merg c\u0103tre big boxuri<\/p>\n<p><a class=\"cmsms_link\" href=\"http:\/\/www.zfcorporate.ro\/retail-agrobusiness\/tara-hipermarketurilor-o-treime-din-banii-romanilor-pentru-cumparaturile-de-zi-cu-zi-merg-catre-big-boxuri-14622587\n\"><img src=\"http:\/\/www.aldeaconsulting.ro\/img\/lupa.png\" alt=\"\" \/><\/a><\/p>\n<\/div>\n<\/div>\n<div class=\"wrapperx\"><img src=\"http:\/\/www.aldeaconsulting.ro\/img\/p2.jpg\" alt=\"\" \/><\/p>\n<div class=\"description\">\n<p class=\"sursa\"><span>Ziarul Financiar<\/span><\/p>\n<p class=\"description_content\">Produc\u0103torii de lactate prind gustul produselor bio: num\u0103rul de fabrici s-a dublat \u00een criz\u0103, iar la raft eticheta \u201everde\u201c este tot mai vizibil\u0103<\/p>\n<p><a class=\"cmsms_link\" href=\"http:\/\/www.zf.ro\/companii\/retail-agrobusiness\/producatorii-de-lactate-prind-gustul-produselor-bio-numarul-de-fabrici-s-a-dublat-in-criza-iar-la-raft-eticheta-verde-este-tot-mai-vizibila-14466272\"><img src=\"http:\/\/www.aldeaconsulting.ro\/img\/lupa.png\" alt=\"\" \/><\/a><\/p>\n<\/div>\n<\/div>\n<p><!-- primele 3 --><\/p>\n<div class=\"wrapperx\"><img src=\"http:\/\/www.aldeaconsulting.ro\/img\/03.jpg\" alt=\"\" \/><\/p>\n<div class=\"description\">\n<p class=\"sursa\"><span>Ziarul Financiar<\/span><\/p>\n<p class=\"description_content\">Un executiv din Mega Image pleac\u0103 dup\u0103 11 ani pentru un proiect antreprenorial<\/p>\n<p><a class=\"cmsms_link\" href=\"http:\/\/www.zf.ro\/companii\/retail-agrobusiness\/un-executiv-din-mega-image-pleaca-dupa-11-ani-pentru-un-proiect-antreprenorial-14312129\"><img src=\"http:\/\/www.aldeaconsulting.ro\/img\/lupa.png\" alt=\"\" \/><\/a><\/p>\n<\/div>\n<\/div>\n<div class=\"wrapperx\"><img src=\"http:\/\/www.aldeaconsulting.ro\/img\/reteauam.jpg\" alt=\"\" \/><\/p>\n<div class=\"description\">\n<p class=\"sursa\"><span>Progresiv<\/span><\/p>\n<p class=\"description_content\">Re\u0163eaua Mega Image ar putea dep\u0103\u015fi 500 de magazine \u00een 2015<\/p>\n<p><a class=\"cmsms_link\" href=\" http:\/\/www.magazinulprogresiv.ro\/stiri\/reteaua-mega-image-ar-putea-depasi-500-de-magazine-2015\"><img src=\"http:\/\/www.aldeaconsulting.ro\/img\/lupa.png\" alt=\"\" \/><\/a><\/p>\n<\/div>\n<\/div>\n<div class=\"wrapperx\"><img src=\"http:\/\/www.aldeaconsulting.ro\/img\/06.jpg\" alt=\"\" \/><\/p>\n<div class=\"description\">\n<p class=\"sursa\"><span>Progresiv<\/span><\/p>\n<p class=\"description_content\">Mega Image Concept Store, o desfasurare de forte<\/p>\n<p><a class=\"cmsms_link\" href=\"http:\/\/www.magazinulprogresiv.ro\/articles\/mega-image-concept-store-o-desfasurare-de-forte\"><img src=\"http:\/\/www.aldeaconsulting.ro\/img\/lupa.png\" alt=\"\" \/><\/a><\/p>\n<\/div>\n<\/div>\n<div class=\"wrapperx\"><img src=\"http:\/\/www.aldeaconsulting.ro\/img\/07.jpg\" alt=\"\" \/><\/p>\n<div class=\"description\">\n<p class=\"sursa\"><span>Modern buyer<\/span><\/p>\n<p class=\"description_content\">Piata de retail modern in 2013: peste 250 de magazine, noi formate si intrarea in comertul online<\/p>\n<p><a class=\"cmsms_link\" href=\"http:\/\/modernbuyer.ro\/strategii-retail\/4-strategii-retail\/4348-piata-de-retail-modern-in-2013-peste-250-de-magazine-noi-formate-si-intrarea-in-comertul-online\"><img src=\"http:\/\/www.aldeaconsulting.ro\/img\/lupa.png\" alt=\"\" \/><\/a><\/p>\n<\/div>\n<\/div>\n<div class=\"wrapperx\"><img src=\"http:\/\/www.aldeaconsulting.ro\/img\/08.jpg\" alt=\"\" \/><\/p>\n<div class=\"description\">\n<p class=\"sursa\"><span>Progresiv<\/span><\/p>\n<p class=\"description_content\">S-a deschis AB Cool Food, noul concept Mega Image. VEZI GALERIE FOTO<\/p>\n<p><a class=\"cmsms_link\" href=\"http:\/\/www.magazinulprogresiv.ro\/articles\/s-deschis-ab-cool-food-noul-concept-mega-image-vezi-galerie-foto\"><img src=\"http:\/\/www.aldeaconsulting.ro\/img\/lupa.png\" alt=\"\" \/><\/a><\/p>\n<\/div>\n<\/div>\n<div class=\"wrapperx\"><img src=\"http:\/\/www.aldeaconsulting.ro\/img\/09.jpg\" alt=\"\" \/><\/p>\n<div class=\"description\">\n<p class=\"sursa\"><span>Wall street<\/span><\/p>\n<p class=\"description_content\">Mega Image: Orice spatiu este atractiv. Analizam achizitia de jucatori mai mici<\/p>\n<p><a class=\"cmsms_link\" href=\"http:\/\/www.wall-street.ro\/articol\/Companii\/154628\/mega-image-orice-spatiu-este-atractiv-nu-excludem-achizitia-de-jucatori-mai-mici.html\"><img src=\"http:\/\/www.aldeaconsulting.ro\/img\/lupa.png\" alt=\"\" \/><\/a><\/p>\n<\/div>\n<\/div>\n<div class=\"wrapperx\"><img src=\"http:\/\/www.aldeaconsulting.ro\/img\/09.jpg\" alt=\"\" \/><\/p>\n<div class=\"description\">\n<p class=\"sursa\"><span>Progresiv<\/span><\/p>\n<p class=\"description_content\">Consolidarea pietei si implicit retailului modern este ireversibila<\/p>\n<p><a class=\"cmsms_link\" href=\"http:\/\/www.magazinulprogresiv.ro\/articles\/consolidarea-pietei-si-implicit-retailului-modern-este-ireversibila\"><img src=\"http:\/\/www.aldeaconsulting.ro\/img\/lupa.png\" alt=\"\" \/><\/a><\/p>\n<\/div>\n<\/div>\n<div class=\"wrapperx\"><img src=\"http:\/\/www.aldeaconsulting.ro\/img\/02.jpg\" alt=\"\" \/><\/p>\n<div class=\"description\">\n<p class=\"sursa\"><span>Modern buyer<\/span><\/p>\n<p class=\"description_content\">Mega Image sfideaza criza. Cum arata strategia lor?<\/p>\n<p><a class=\"cmsms_link\" href=\"http:\/\/modernbuyer.ro\/interviu\/8-interviu\/2968-mega-image-sfideaza-criza-cum-arata-strategia-lor\"><img src=\"http:\/\/www.aldeaconsulting.ro\/img\/lupa.png\" alt=\"\" \/><\/a><\/p>\n<\/div>\n<\/div>\n<p><!-- 111--><\/p>\n<div class=\"wrapperx\"><img src=\"http:\/\/www.aldeaconsulting.ro\/img\/01.jpg\" alt=\"\" \/><\/p>\n<div class=\"description\">\n<p class=\"sursa\"><span>Progresiv<\/span><\/p>\n<p class=\"description_content\">Am ajuns in retail din intamplare<\/p>\n<p><a class=\"cmsms_link\" href=\"http:\/\/www.magazinulprogresiv.ro\/articles\/am-ajuns-retail-din-intamplare\"><img src=\"http:\/\/www.aldeaconsulting.ro\/img\/lupa.png\" alt=\"\" \/><\/a><\/p>\n<\/div>\n<\/div>\n<div class=\"wrapperx\"><img src=\"http:\/\/www.aldeaconsulting.ro\/img\/05.jpg\" alt=\"\" \/><\/p>\n<div class=\"description\">\n<p class=\"sursa\"><span>Wall street<\/span><\/p>\n<p class=\"description_content\">Catalina Aldea, primul director comercial roman al Mega Image<\/p>\n<p><a class=\"cmsms_link\" href=\"http:\/\/www.wall-street.ro\/articol\/Companii\/108262\/Catalina-Aldea-primul-director-comercial-roman-al-Mega-Image.html\"><img src=\"http:\/\/www.aldeaconsulting.ro\/img\/lupa.png\" alt=\"\" \/><\/a>\n<\/div>\n<\/div>\n<div class=\"wrapperx\"><img src=\"http:\/\/www.aldeaconsulting.ro\/img\/interviu.png\" alt=\"\" \/><\/p>\n<div class=\"description\">\n<p class=\"sursa\"><span>Modern Buyer<\/span><\/p>\n<p class=\"description_content\">Abilitatiile noului manager de achizitii<\/p>\n<p><a class=\"cmsms_link\" href=\"http:\/\/aldeaconsulting.ro\/interviu.html\"><img src=\"http:\/\/www.aldeaconsulting.ro\/img\/lupa.png\" alt=\"\" \/><\/a><\/p>\n<\/div>\n<\/div>\n<\/div>\n","protected":false},"excerpt":{"rendered":"<p>Wall street Catalina Aldea, consultant in retail PROGRESIV Gestionarea corect\u0103 a momentului de consum numit Cr\u0103ciun REVISTA PIATA Rom\u00e2nii fac cump\u0103r\u0103turi l\u00e2ng\u0103 cas\u0103 Progresiv Introducere \u00een merchandising DIGI24 Rom\u00e2nii fac cump\u0103r\u0103turi l\u00e2ng\u0103 cas\u0103 DA PREMIUM Mancare de dragul BUSINESSULUI Antena 1 Romanii, campionii cumparaturilor Ziarul Financiar \u0162ara hipermarketurilor: o treime din banii rom\u00e2nilor pentru cump\u0103r\u0103turile&#8230;<\/p>\n","protected":false},"author":1,"featured_media":0,"parent":0,"menu_order":4,"comment_status":"closed","ping_status":"closed","template":"","meta":[],"_links":{"self":[{"href":"https:\/\/aldeaconsulting.ro\/index.php\/wp-json\/wp\/v2\/pages\/5949"}],"collection":[{"href":"https:\/\/aldeaconsulting.ro\/index.php\/wp-json\/wp\/v2\/pages"}],"about":[{"href":"https:\/\/aldeaconsulting.ro\/index.php\/wp-json\/wp\/v2\/types\/page"}],"author":[{"embeddable":true,"href":"https:\/\/aldeaconsulting.ro\/index.php\/wp-json\/wp\/v2\/users\/1"}],"replies":[{"embeddable":true,"href":"https:\/\/aldeaconsulting.ro\/index.php\/wp-json\/wp\/v2\/comments?post=5949"}],"version-history":[{"count":0,"href":"https:\/\/aldeaconsulting.ro\/index.php\/wp-json\/wp\/v2\/pages\/5949\/revisions"}],"wp:attachment":[{"href":"https:\/\/aldeaconsulting.ro\/index.php\/wp-json\/wp\/v2\/media?parent=5949"}],"curies":[{"name":"wp","href":"https:\/\/api.w.org\/{rel}","templated":true}]}}